{"id":22,"date":"2017-05-05T21:37:03","date_gmt":"2017-05-05T21:37:03","guid":{"rendered":"http:\/\/davehuer.com\/cartoproblematica\/?page_id=22"},"modified":"2017-05-10T20:44:42","modified_gmt":"2017-05-10T20:44:42","slug":"peregrinations","status":"publish","type":"page","link":"https:\/\/davehuer.com\/cartoproblematica\/peregrinations\/","title":{"rendered":"Peregrinations*"},"content":{"rendered":"<p style=\"text-align: left;\"><span style=\"font-size: 14px;\">*either from <span class=\"etylcleanup\"><span class=\"etyl\"><a class=\"extiw\" title=\"w:Old French language\" href=\"https:\/\/en.wikipedia.org\/wiki\/Old_French_language\">Old French<\/a><\/span><\/span> <i class=\"Latn mention\" lang=\"fro\"><a title=\"peregrinacion\" href=\"https:\/\/en.wiktionary.org\/wiki\/peregrinacion#Old_French\">peregrinacion<\/a><\/i> <span class=\"mention-gloss-paren\">(<\/span><span class=\"mention-gloss-double-quote\">\u201c<\/span><span class=\"mention-gloss\">pilgrimage<\/span><span class=\"mention-gloss-double-quote\">\u201d<\/span><span class=\"mention-gloss-paren\">)<\/span> <span class=\"defdate\">[12th c.]<\/span>,<sup id=\"cite_ref-1\" class=\"reference\"><a href=\"https:\/\/en.wiktionary.org\/wiki\/peregrination#cite_note-1\">[1]<\/a><\/sup> or directly from the <span class=\"etylcleanup\"><span class=\"etyl\"><a class=\"extiw\" title=\"w:Latin language\" href=\"https:\/\/en.wikipedia.org\/wiki\/Latin_language\">Latin<\/a><\/span><\/span> <i class=\"Latn mention\" lang=\"la\"><a title=\"peregrinatio\" href=\"https:\/\/en.wiktionary.org\/wiki\/peregrinatio#Latin\">peregr\u012bn\u0101ti\u014d<\/a><\/i> <span class=\"mention-gloss-paren\">(<\/span><span class=\"mention-gloss-double-quote\">\u201c<\/span><span class=\"mention-gloss\">journey<\/span><span class=\"mention-gloss-double-quote\">\u201d<\/span><span class=\"mention-gloss-paren\">)<\/span>, from <i class=\"Latn mention\" lang=\"la\"><a title=\"peregrinor\" href=\"https:\/\/en.wiktionary.org\/wiki\/peregrinor#Latin\">peregr\u012bnor<\/a><\/i> <span class=\"mention-gloss-paren\">(<\/span><span class=\"mention-gloss-double-quote\">\u201c<\/span><span class=\"mention-gloss\">sojourn<\/span><span class=\"mention-gloss-double-quote\">\u201d<\/span><span class=\"mention-gloss-paren\">)<\/span>, circa 1520s CE<\/span><\/p>\n<p><a href=\"http:\/\/davehuer.com\/cartoproblematica\/wp-content\/uploads\/sites\/4\/2017\/05\/cropped-1592-wide-banner-plancius-e1494232716126.jpg\"><img loading=\"lazy\" decoding=\"async\" class=\"alignleft size-full wp-image-266\" src=\"http:\/\/davehuer.com\/cartoproblematica\/wp-content\/uploads\/sites\/4\/2017\/05\/cropped-1592-wide-banner-plancius-e1494232716126.jpg\" alt=\"\" width=\"700\" height=\"87\"><\/a><\/p>\n<p>&nbsp;<\/p>\n<p>&nbsp;<\/p>\n<p><span style=\"font-size: 12px;\"><em>Website initiated May 2017<\/em><\/span><\/p>\n<p>&#8220;Science aims for measurable results through testing and&nbsp;analysis of natural phenomena.&#8221;<\/p>\n<p><strong>About Karst Landscapes<\/strong><\/p>\n<p>Caves form in different types of geology. One type is <a href=\"http:\/\/www.karstgeology.com\/\" target=\"_blank\" rel=\"noopener noreferrer\">Karst<\/a> &#8211; landscapes formed from precipitation percolating through soluble carbonate formations, such as limestone, marble, gypsum and anhydrite.<\/p>\n<p>&nbsp;<\/p>\n<p><strong>About me<\/strong><\/p>\n<p><a href=\"http:\/\/ca.linkedin.com\/in\/davehuer\" target=\"_blank\" rel=\"noopener noreferrer\">&#8216;Unorthodox thinking&#8217; consultant<\/a>, entrepreneur, investor, citizen-historian, and member of the <a href=\"http:\/\/www.cancaver.ca\/bcsf\/\" target=\"_blank\" rel=\"noopener noreferrer\">BC Speleological Society<\/a>; researching for reproducible evidence of past discovery of caves and karst landscape by combining manuscripts, mining claims, charts, colonial surveys, and maps spread across digital surveys and global archives.<\/p>\n<p>I value the intrinsic value of caves and karst, but this was not always a paramount virtue in past cultures. My &#8220;cave history exploration&#8221; framework is to use my business skills to look at centuries-past explorers and adventurers as entrepreneurs, investors, explorers, consumers, builders, settlers, military leaders, and status seekers; all navigating a dangerous world for trade, profit, wealth, status, and survival.<\/p>\n<p><strong>But my goal, always, as a citizen historian, is to develop directions to test for reproducible evidence.<\/strong><\/p>\n<ol>\n<li>Studying historical events that are of interest to me.<\/li>\n<li>Investigating tiny clues that suggest the presence of interesting puzzles.<\/li>\n<li>Developing a thorough picture to propose cross-disciplinary hypotheses to investigate.<\/li>\n<li>Reminding collaborators that hypotheses are interesting but not compelling.<\/li>\n<li>Evidence is the thing &#8211; is there verifiable evidence?<\/li>\n<li>Comments and ideas are most welcome!<\/li>\n<\/ol>\n<p>&nbsp;<\/p>\n<hr>\n<p><strong>Image:<\/strong> (1592) Doetecom, Plancius, and Claesz. <a href=\"https:\/\/commons.wikimedia.org\/wiki\/File:1592_4_Nova_Doetecum_mr.jpg\" target=\"_blank\" rel=\"noopener noreferrer\">Nova Francia <\/a>alio nomine dicta Terra Nova. Copies held by Universiteitsbibliotheek Amsterdam and the Biblioth\u00e8que Nationale du Qu\u00e9bec. Public domain.<\/p>\n<p><strong>This is not a commercial site.<\/strong> Please let me know if an image or source has not been cited properly.<\/p>\n<p>&nbsp;<\/p>\n","protected":false},"excerpt":{"rendered":"<p>*either from Old French peregrinacion (\u201cpilgrimage\u201d) [12th c.],[1] or directly from the Latin peregr\u012bn\u0101ti\u014d (\u201cjourney\u201d), from peregr\u012bnor (\u201csojourn\u201d), circa 1520s &hellip; <\/p>\n","protected":false},"author":1,"featured_media":0,"parent":0,"menu_order":0,"comment_status":"closed","ping_status":"closed","template":"","meta":{"_acf_changed":false,"ngg_post_thumbnail":0,"footnotes":""},"class_list":["post-22","page","type-page","status-publish","hentry"],"acf":[],"aioseo_notices":[],"_links":{"self":[{"href":"https:\/\/davehuer.com\/cartoproblematica\/wp-json\/wp\/v2\/pages\/22","targetHints":{"allow":["GET"]}}],"collection":[{"href":"https:\/\/davehuer.com\/cartoproblematica\/wp-json\/wp\/v2\/pages"}],"about":[{"href":"https:\/\/davehuer.com\/cartoproblematica\/wp-json\/wp\/v2\/types\/page"}],"author":[{"embeddable":true,"href":"https:\/\/davehuer.com\/cartoproblematica\/wp-json\/wp\/v2\/users\/1"}],"replies":[{"embeddable":true,"href":"https:\/\/davehuer.com\/cartoproblematica\/wp-json\/wp\/v2\/comments?post=22"}],"version-history":[{"count":41,"href":"https:\/\/davehuer.com\/cartoproblematica\/wp-json\/wp\/v2\/pages\/22\/revisions"}],"predecessor-version":[{"id":735,"href":"https:\/\/davehuer.com\/cartoproblematica\/wp-json\/wp\/v2\/pages\/22\/revisions\/735"}],"wp:attachment":[{"href":"https:\/\/davehuer.com\/cartoproblematica\/wp-json\/wp\/v2\/media?parent=22"}],"curies":[{"name":"wp","href":"https:\/\/api.w.org\/{rel}","templated":true}]}}